{"id":1191,"date":"2025-10-17T13:47:18","date_gmt":"2025-10-17T10:47:18","guid":{"rendered":"https:\/\/fresca33.ro\/husegprogram-szabalyai\/"},"modified":"2025-10-17T13:59:29","modified_gmt":"2025-10-17T10:59:29","slug":"husegprogram-szabalyai","status":"publish","type":"page","link":"https:\/\/fresca33.ro\/hu\/husegprogram-szabalyai\/","title":{"rendered":"H\u0171s\u00e9gprogram szab\u00e1lyai"},"content":{"rendered":"<style>.elementor-1191 .elementor-element.elementor-element-c692655{--display:flex;--flex-direction:column;--container-widget-width:100%;--container-widget-height:initial;--container-widget-flex-grow:0;--container-widget-align-self:initial;--flex-wrap-mobile:wrap;}:root{--page-title-display:none;}@media(max-width:767px){.elementor-1191 .elementor-element.elementor-element-c692655{--padding-top:0px;--padding-bottom:0px;--padding-left:20px;--padding-right:20px;}}<\/style>\t\t<div data-elementor-type=\"wp-page\" data-elementor-id=\"1191\" class=\"elementor elementor-1191 elementor-1183\" data-elementor-post-type=\"page\">\n\t\t\t\t<div class=\"elementor-element elementor-element-c692655 e-flex e-con-boxed e-con e-parent\" data-id=\"c692655\" data-element_type=\"container\">\n\t\t\t\t\t<div class=\"e-con-inner\">\n\t\t\t\t<div class=\"elementor-element elementor-element-188b703 elementor-widget elementor-widget-text-editor\" data-id=\"188b703\" data-element_type=\"widget\" data-widget_type=\"text-editor.default\">\n\t\t\t\t<div class=\"elementor-widget-container\">\n\t\t\t\t\t\t\t\t\t<h2 class=\"p1\">\ud83c\udfab Fresca 33 VIP K\u00e1rtyaprogram<br>\u2013 Szab\u00e1lyzat<\/h2>\n<ol class=\"ol1\">\n \t<li class=\"li2\">A VIP k\u00e1rtya ig\u00e9nyl\u00e9se\nB\u00e1rmely vend\u00e9g\u00fcnk d\u00edjmentesen ig\u00e9nyelhet VIP k\u00e1rty\u00e1t. A k\u00e1rtya ig\u00e9nyl\u00e9s\u00e9vel a vend\u00e9g beleegyezik abba, hogy a Fresca 33 marketing c\u00e9lb\u00f3l e-mailt vagy SMS-t k\u00fcldhet sz\u00e1m\u00e1ra. <\/li>\n \t<li class=\"li2\">Els\u0151 v\u00e1s\u00e1rl\u00e1s el\u0151nye\nA VIP k\u00e1rtya els\u0151 haszn\u00e1latakor 10% kedvezm\u00e9nyt biztos\u00edtunk a v\u00e9g\u00f6sszegb\u0151l. Ez az egyszeri kedvezm\u00e9ny kiz\u00e1r\u00f3lag az els\u0151 k\u00e1rtyahaszn\u00e1latkor \u00e9rv\u00e9nyes\u00edthet\u0151. <\/li>\n \t<li class=\"li2\">Pontgy\u0171jt\u00e9s minden v\u00e1s\u00e1rl\u00e1s ut\u00e1n\nA v\u00e1s\u00e1rl\u00e1sok v\u00e9g\u00f6sszeg\u00e9nek 3%-a pontk\u00e9nt j\u00f3v\u00e1\u00edr\u00e1sra ker\u00fcl a VIP k\u00e1rty\u00e1n.\n\ud83d\udccd 1 pont = 1 lej.<b><\/b><\/li>\n \t<li class=\"li2\">Pontok felhaszn\u00e1l\u00e1sa\nA pontok a k\u00f6vetkez\u0151 v\u00e1s\u00e1rl\u00e1sok sor\u00e1n haszn\u00e1lhat\u00f3k fel fizet\u00e9skor. A pontokat nem lehet k\u00e9szp\u00e9nzre v\u00e1ltani, csak a Fresca 33 \u00e9tteremben \u00e9rv\u00e9nyes\u00edthet\u0151k. <\/li>\n \t<li class=\"li2\">\u00c1ltal\u00e1nos felt\u00e9telek\nA VIP k\u00e1rtya szem\u00e9lyre sz\u00f3l\u00f3, nem \u00e1truh\u00e1zhat\u00f3. A program r\u00e9szletei el\u0151zetes \u00e9rtes\u00edt\u00e9ssel m\u00f3dosulhatnak. <\/li>\n<\/ol>\t\t\t\t\t\t\t\t<\/div>\n\t\t\t\t<\/div>\n\t\t\t\t\t<\/div>\n\t\t\t\t<\/div>\n\t\t\t\t<\/div>\n\t\t","protected":false},"excerpt":{"rendered":"<p>\ud83c\udfab Fresca 33 VIP K\u00e1rtyaprogram\u2013 Szab\u00e1lyzat A VIP k\u00e1rtya ig\u00e9nyl\u00e9se B\u00e1rmely vend\u00e9g\u00fcnk d\u00edjmentesen ig\u00e9nyelhet VIP k\u00e1rty\u00e1t. A k\u00e1rtya ig\u00e9nyl\u00e9s\u00e9vel a vend\u00e9g beleegyezik abba, hogy a Fresca 33 marketing c\u00e9lb\u00f3l e-mailt vagy SMS-t k\u00fcldhet sz\u00e1m\u00e1ra. Els\u0151 v\u00e1s\u00e1rl\u00e1s el\u0151nye A VIP k\u00e1rtya els\u0151 haszn\u00e1latakor 10% kedvezm\u00e9nyt biztos\u00edtunk a v\u00e9g\u00f6sszegb\u0151l. Ez az egyszeri kedvezm\u00e9ny kiz\u00e1r\u00f3lag az els\u0151 k\u00e1rtyahaszn\u00e1latkor [&hellip;]<\/p>\n","protected":false},"author":1,"featured_media":0,"parent":0,"menu_order":0,"comment_status":"closed","ping_status":"closed","template":"","meta":{"footnotes":""},"class_list":["post-1191","page","type-page","status-publish","hentry"],"_links":{"self":[{"href":"https:\/\/fresca33.ro\/hu\/wp-json\/wp\/v2\/pages\/1191","targetHints":{"allow":["GET"]}}],"collection":[{"href":"https:\/\/fresca33.ro\/hu\/wp-json\/wp\/v2\/pages"}],"about":[{"href":"https:\/\/fresca33.ro\/hu\/wp-json\/wp\/v2\/types\/page"}],"author":[{"embeddable":true,"href":"https:\/\/fresca33.ro\/hu\/wp-json\/wp\/v2\/users\/1"}],"replies":[{"embeddable":true,"href":"https:\/\/fresca33.ro\/hu\/wp-json\/wp\/v2\/comments?post=1191"}],"version-history":[{"count":1,"href":"https:\/\/fresca33.ro\/hu\/wp-json\/wp\/v2\/pages\/1191\/revisions"}],"predecessor-version":[{"id":1192,"href":"https:\/\/fresca33.ro\/hu\/wp-json\/wp\/v2\/pages\/1191\/revisions\/1192"}],"wp:attachment":[{"href":"https:\/\/fresca33.ro\/hu\/wp-json\/wp\/v2\/media?parent=1191"}],"curies":[{"name":"wp","href":"https:\/\/api.w.org\/{rel}","templated":true}]}}